{"id":246,"date":"2023-03-21T10:24:40","date_gmt":"2023-03-21T09:24:40","guid":{"rendered":"http:\/\/thecommunityhub.it\/comunita-di-villaggio\/"},"modified":"2023-09-06T09:48:24","modified_gmt":"2023-09-06T07:48:24","slug":"comunita-di-villaggio","status":"publish","type":"page","link":"https:\/\/thecommunityhub.it\/it\/","title":{"rendered":"Home"},"content":{"rendered":"\t\t<div data-elementor-type=\"wp-page\" data-elementor-id=\"246\" class=\"elementor elementor-246 elementor-233\">\n\t\t\t\t\t\t<section class=\"elementor-section elementor-top-section elementor-element elementor-element-c129728 elementor-section-full_width elementor-section-height-full elementor-section-stretched elementor-section-height-default elementor-section-items-middle\" data-id=\"c129728\" data-element_type=\"section\" data-e-type=\"section\" data-settings=\"{&quot;stretch_section&quot;:&quot;section-stretched&quot;,&quot;background_background&quot;:&quot;classic&quot;}\">\n\t\t\t\t\t\t<div class=\"elementor-container elementor-column-gap-no\">\n\t\t\t\t\t<div class=\"elementor-column elementor-col-100 elementor-top-column elementor-element elementor-element-07cf620\" data-id=\"07cf620\" data-element_type=\"column\" data-e-type=\"column\">\n\t\t\t<div class=\"elementor-widget-wrap elementor-element-populated\">\n\t\t\t\t\t\t<div class=\"elementor-element elementor-element-6d5aac9 elementor-widget elementor-widget-heading\" data-id=\"6d5aac9\" data-element_type=\"widget\" data-e-type=\"widget\" data-widget_type=\"heading.default\">\n\t\t\t\t<div class=\"elementor-widget-container\">\n\t\t\t\t\t<h2 class=\"elementor-heading-title elementor-size-default\">La nostra comunit\u00e0 del villaggio.<\/h2>\t\t\t\t<\/div>\n\t\t\t\t<\/div>\n\t\t\t\t<div class=\"elementor-element elementor-element-96be0af elementor-align-center elementor-widget elementor-widget-button\" data-id=\"96be0af\" data-element_type=\"widget\" data-e-type=\"widget\" data-widget_type=\"button.default\">\n\t\t\t\t<div class=\"elementor-widget-container\">\n\t\t\t\t\t\t\t\t\t<div class=\"elementor-button-wrapper\">\n\t\t\t\t\t<a class=\"elementor-button elementor-button-link elementor-size-md\" href=\"#\">\n\t\t\t\t\t\t<span class=\"elementor-button-content-wrapper\">\n\t\t\t\t\t\t<span class=\"elementor-button-icon\">\n\t\t\t\t<i aria-hidden=\"true\" class=\"fas fa-star-of-life\"><\/i>\t\t\t<\/span>\n\t\t\t\t\t\t\t\t\t<span class=\"elementor-button-text\">Unisciti a noi<\/span>\n\t\t\t\t\t<\/span>\n\t\t\t\t\t<\/a>\n\t\t\t\t<\/div>\n\t\t\t\t\t\t\t\t<\/div>\n\t\t\t\t<\/div>\n\t\t\t\t\t<\/div>\n\t\t<\/div>\n\t\t\t\t\t<\/div>\n\t\t<\/section>\n\t\t\t\t<section class=\"elementor-section elementor-top-section elementor-element elementor-element-a03e305 elementor-section-boxed elementor-section-height-default elementor-section-height-default\" data-id=\"a03e305\" data-element_type=\"section\" data-e-type=\"section\" data-settings=\"{&quot;background_background&quot;:&quot;classic&quot;}\">\n\t\t\t\t\t\t\t<div class=\"elementor-background-overlay\"><\/div>\n\t\t\t\t\t\t\t<div class=\"elementor-container elementor-column-gap-default\">\n\t\t\t\t\t<div class=\"elementor-column elementor-col-100 elementor-top-column elementor-element elementor-element-23ef2e1\" data-id=\"23ef2e1\" data-element_type=\"column\" data-e-type=\"column\">\n\t\t\t<div class=\"elementor-widget-wrap elementor-element-populated\">\n\t\t\t\t\t\t<div class=\"elementor-element elementor-element-8c5a041 elementor-widget elementor-widget-heading\" data-id=\"8c5a041\" data-element_type=\"widget\" data-e-type=\"widget\" data-widget_type=\"heading.default\">\n\t\t\t\t<div class=\"elementor-widget-container\">\n\t\t\t\t\t<h2 class=\"elementor-heading-title elementor-size-default\">La nostra comunit\u00e0.<\/h2>\t\t\t\t<\/div>\n\t\t\t\t<\/div>\n\t\t\t\t<div class=\"elementor-element elementor-element-fdf72a9 elementor-widget elementor-widget-text-editor\" data-id=\"fdf72a9\" data-element_type=\"widget\" data-e-type=\"widget\" data-widget_type=\"text-editor.default\">\n\t\t\t\t<div class=\"elementor-widget-container\">\n\t\t\t\t\t\t\t\t\t<p>Benvenuti nella nostra comunit\u00e0 di villaggio situata in una zona di straordinaria bellezza con colline ondulate, foreste rigogliose e acqua di sorgente naturale limpida. La nostra comunit\u00e0 di villaggio \u00e8 composta da un gruppo diversificato di individui di diverse nazionalit\u00e0, che hanno preso una decisione consapevole di trasferirsi in questa posizione remota per abbracciare uno stile di vita pi\u00f9 comunitario e tranquillo.<\/p>\n<p>I membri della nostra comunit\u00e0 vivono in prossimit\u00e0 in una zona rurale nei dintorni del villaggio di Castell&#8217;Azzara, in Toscana, che offre un ambiente idilliaco che incarna l&#8217;essenza della cultura e della tradizione italiana. Essendo un ex villaggio minerario, \u00e8 caratterizzato da una piccola popolazione, infrastrutture limitate e forti legami sociali.<\/p>\n<p>I membri della nostra comunit\u00e0 condividono una comune passione per la natura, l&#8217;autosufficienza, la crescita personale e il desiderio di vivere in armonia con l&#8217;ambiente. Siamo entusiasti di intraprendere insieme questo nuovo viaggio, per costruire una comunit\u00e0 solidale e vibrante.<\/p>\n\t\t\t\t\t\t\t\t<\/div>\n\t\t\t\t<\/div>\n\t\t\t\t<section class=\"elementor-section elementor-inner-section elementor-element elementor-element-330737d elementor-section-full_width elementor-section-height-default elementor-section-height-default\" data-id=\"330737d\" data-element_type=\"section\" data-e-type=\"section\" data-settings=\"{&quot;background_background&quot;:&quot;classic&quot;}\">\n\t\t\t\t\t\t<div class=\"elementor-container elementor-column-gap-no\">\n\t\t\t\t\t<div class=\"elementor-column elementor-col-50 elementor-inner-column elementor-element elementor-element-a95aade\" data-id=\"a95aade\" data-element_type=\"column\" data-e-type=\"column\">\n\t\t\t<div class=\"elementor-widget-wrap elementor-element-populated\">\n\t\t\t\t\t\t<div class=\"elementor-element elementor-element-a0cf028 elementor-widget elementor-widget-heading\" data-id=\"a0cf028\" data-element_type=\"widget\" data-e-type=\"widget\" data-widget_type=\"heading.default\">\n\t\t\t\t<div class=\"elementor-widget-container\">\n\t\t\t\t\t<h2 class=\"elementor-heading-title elementor-size-default\">Informazioni sulla nostra comunit\u00e0<\/h2>\t\t\t\t<\/div>\n\t\t\t\t<\/div>\n\t\t\t\t<div class=\"elementor-element elementor-element-38a1a49 elementor-widget elementor-widget-heading\" data-id=\"38a1a49\" data-element_type=\"widget\" data-e-type=\"widget\" data-widget_type=\"heading.default\">\n\t\t\t\t<div class=\"elementor-widget-container\">\n\t\t\t\t\t<h2 class=\"elementor-heading-title elementor-size-default\">Un luogo vibrante dove vivere.<\/h2>\t\t\t\t<\/div>\n\t\t\t\t<\/div>\n\t\t\t\t<div class=\"elementor-element elementor-element-8209b0e elementor-widget elementor-widget-image\" data-id=\"8209b0e\" data-element_type=\"widget\" data-e-type=\"widget\" data-widget_type=\"image.default\">\n\t\t\t\t<div class=\"elementor-widget-container\">\n\t\t\t\t\t\t\t\t\t\t\t\t\t\t\t<img fetchpriority=\"high\" decoding=\"async\" width=\"1013\" height=\"1024\" src=\"https:\/\/thecommunityhub.it\/wp-content\/uploads\/2023\/04\/castell-azzara2-1013x1024.jpg\" class=\"attachment-large size-large wp-image-270\" alt=\"\" srcset=\"https:\/\/thecommunityhub.it\/wp-content\/uploads\/2023\/04\/castell-azzara2-1013x1024.jpg 1013w, https:\/\/thecommunityhub.it\/wp-content\/uploads\/2023\/04\/castell-azzara2-297x300.jpg 297w, https:\/\/thecommunityhub.it\/wp-content\/uploads\/2023\/04\/castell-azzara2-768x776.jpg 768w, https:\/\/thecommunityhub.it\/wp-content\/uploads\/2023\/04\/castell-azzara2.jpg 1280w\" sizes=\"(max-width: 1013px) 100vw, 1013px\" \/>\t\t\t\t\t\t\t\t\t\t\t\t\t\t\t<\/div>\n\t\t\t\t<\/div>\n\t\t\t\t\t<\/div>\n\t\t<\/div>\n\t\t\t\t<div class=\"elementor-column elementor-col-50 elementor-inner-column elementor-element elementor-element-8780d73\" data-id=\"8780d73\" data-element_type=\"column\" data-e-type=\"column\" data-settings=\"{&quot;background_background&quot;:&quot;classic&quot;}\">\n\t\t\t<div class=\"elementor-widget-wrap elementor-element-populated\">\n\t\t\t\t\t\t<div class=\"elementor-element elementor-element-1147b21 elementor-widget elementor-widget-heading\" data-id=\"1147b21\" data-element_type=\"widget\" data-e-type=\"widget\" data-widget_type=\"heading.default\">\n\t\t\t\t<div class=\"elementor-widget-container\">\n\t\t\t\t\t<h2 class=\"elementor-heading-title elementor-size-default\">Castell'Azzara<\/h2>\t\t\t\t<\/div>\n\t\t\t\t<\/div>\n\t\t\t\t<div class=\"elementor-element elementor-element-994581c elementor-align-start elementor-icon-list--layout-traditional elementor-list-item-link-full_width elementor-widget elementor-widget-icon-list\" data-id=\"994581c\" data-element_type=\"widget\" data-e-type=\"widget\" data-widget_type=\"icon-list.default\">\n\t\t\t\t<div class=\"elementor-widget-container\">\n\t\t\t\t\t\t\t<ul class=\"elementor-icon-list-items\">\n\t\t\t\t\t\t\t<li class=\"elementor-icon-list-item\">\n\t\t\t\t\t\t\t\t\t\t\t<span class=\"elementor-icon-list-icon\">\n\t\t\t\t\t\t\t<i aria-hidden=\"true\" class=\"fas fa-star-of-life\"><\/i>\t\t\t\t\t\t<\/span>\n\t\t\t\t\t\t\t\t\t\t<span class=\"elementor-icon-list-text\">9 Nationalit\u00e0.<\/span>\n\t\t\t\t\t\t\t\t\t<\/li>\n\t\t\t\t\t\t\t\t<li class=\"elementor-icon-list-item\">\n\t\t\t\t\t\t\t\t\t\t\t<span class=\"elementor-icon-list-icon\">\n\t\t\t\t\t\t\t<i aria-hidden=\"true\" class=\"fas fa-star-of-life\"><\/i>\t\t\t\t\t\t<\/span>\n\t\t\t\t\t\t\t\t\t\t<span class=\"elementor-icon-list-text\">50+ persone <\/span>\n\t\t\t\t\t\t\t\t\t<\/li>\n\t\t\t\t\t\t\t\t<li class=\"elementor-icon-list-item\">\n\t\t\t\t\t\t\t\t\t\t\t<span class=\"elementor-icon-list-icon\">\n\t\t\t\t\t\t\t<i aria-hidden=\"true\" class=\"fas fa-star-of-life\"><\/i>\t\t\t\t\t\t<\/span>\n\t\t\t\t\t\t\t\t\t\t<span class=\"elementor-icon-list-text\">Fondata nel 2020.<\/span>\n\t\t\t\t\t\t\t\t\t<\/li>\n\t\t\t\t\t\t<\/ul>\n\t\t\t\t\t\t<\/div>\n\t\t\t\t<\/div>\n\t\t\t\t\t<\/div>\n\t\t<\/div>\n\t\t\t\t\t<\/div>\n\t\t<\/section>\n\t\t\t\t<div class=\"elementor-element elementor-element-100c3f1 elementor-widget elementor-widget-heading\" data-id=\"100c3f1\" data-element_type=\"widget\" data-e-type=\"widget\" data-widget_type=\"heading.default\">\n\t\t\t\t<div class=\"elementor-widget-container\">\n\t\t\t\t\t<h2 class=\"elementor-heading-title elementor-size-default\">La nostra invito.<\/h2>\t\t\t\t<\/div>\n\t\t\t\t<\/div>\n\t\t\t\t<div class=\"elementor-element elementor-element-9076ea7 elementor-widget elementor-widget-text-editor\" data-id=\"9076ea7\" data-element_type=\"widget\" data-e-type=\"widget\" data-widget_type=\"text-editor.default\">\n\t\t\t\t<div class=\"elementor-widget-container\">\n\t\t\t\t\t\t\t\t\t<p>Che tu stia cercando una casa permanente o un rifugio temporaneo, ti invitiamo a unirti a noi nell&#8217;esperienza della bellezza e della ricchezza di Castell&#8217;Azzara. La nostra comunit\u00e0 offre un&#8217;opportunit\u00e0 unica per imparare e crescere insieme ad individui con la stessa mentalit\u00e0 e contribuire ad un futuro migliore per noi stessi e per il pianeta. Vieni a unirti a noi!<\/p>\n\t\t\t\t\t\t\t\t<\/div>\n\t\t\t\t<\/div>\n\t\t\t\t\t<\/div>\n\t\t<\/div>\n\t\t\t\t\t<\/div>\n\t\t<\/section>\n\t\t\t\t<\/div>\n\t\t","protected":false},"excerpt":{"rendered":"<p>La nostra comunit\u00e0 del villaggio. Unisciti a noi La nostra comunit\u00e0. Benvenuti nella nostra comunit\u00e0 di villaggio situata in una zona di straordinaria bellezza con colline ondulate, foreste rigogliose e acqua di sorgente naturale limpida. La nostra comunit\u00e0 di villaggio \u00e8 composta da un gruppo diversificato di individui di diverse nazionalit\u00e0, che hanno preso una [&hellip;]<\/p>\n","protected":false},"author":1,"featured_media":0,"parent":0,"menu_order":0,"comment_status":"closed","ping_status":"closed","template":"elementor_header_footer","meta":{"site-sidebar-layout":"no-sidebar","site-content-layout":"page-builder","ast-site-content-layout":"default","site-content-style":"default","site-sidebar-style":"default","ast-global-header-display":"","ast-banner-title-visibility":"","ast-main-header-display":"","ast-hfb-above-header-display":"","ast-hfb-below-header-display":"","ast-hfb-mobile-header-display":"","site-post-title":"","ast-breadcrumbs-content":"","ast-featured-img":"disabled","footer-sml-layout":"","ast-disable-related-posts":"","theme-transparent-header-meta":"","adv-header-id-meta":"","stick-header-meta":"","header-above-stick-meta":"","header-main-stick-meta":"","header-below-stick-meta":"","astra-migrate-meta-layouts":"default","ast-page-background-enabled":"default","ast-page-background-meta":{"desktop":{"background-color":"var(--ast-global-color-4)","background-image":"","background-repeat":"repeat","background-position":"center center","background-size":"auto","background-attachment":"scroll","background-type":"","background-media":"","overlay-type":"","overlay-color":"","overlay-opacity":"","overlay-gradient":""},"tablet":{"background-color":"","background-image":"","background-repeat":"repeat","background-position":"center center","background-size":"auto","background-attachment":"scroll","background-type":"","background-media":"","overlay-type":"","overlay-color":"","overlay-opacity":"","overlay-gradient":""},"mobile":{"background-color":"","background-image":"","background-repeat":"repeat","background-position":"center center","background-size":"auto","background-attachment":"scroll","background-type":"","background-media":"","overlay-type":"","overlay-color":"","overlay-opacity":"","overlay-gradient":""}},"ast-content-background-meta":{"desktop":{"background-color":"var(--ast-global-color-5)","background-image":"","background-repeat":"repeat","background-position":"center center","background-size":"auto","background-attachment":"scroll","background-type":"","background-media":"","overlay-type":"","overlay-color":"","overlay-opacity":"","overlay-gradient":""},"tablet":{"background-color":"var(--ast-global-color-5)","background-image":"","background-repeat":"repeat","background-position":"center center","background-size":"auto","background-attachment":"scroll","background-type":"","background-media":"","overlay-type":"","overlay-color":"","overlay-opacity":"","overlay-gradient":""},"mobile":{"background-color":"var(--ast-global-color-5)","background-image":"","background-repeat":"repeat","background-position":"center center","background-size":"auto","background-attachment":"scroll","background-type":"","background-media":"","overlay-type":"","overlay-color":"","overlay-opacity":"","overlay-gradient":""}},"footnotes":""},"class_list":["post-246","page","type-page","status-publish","hentry"],"yoast_head":"<!-- This site is optimized with the Yoast SEO plugin v27.3 - https:\/\/yoast.com\/product\/yoast-seo-wordpress\/ -->\n<title>Home - Community Living<\/title>\n<meta name=\"robots\" content=\"index, follow, max-snippet:-1, max-image-preview:large, max-video-preview:-1\" \/>\n<link rel=\"canonical\" href=\"https:\/\/thecommunityhub.it\/it\/\" \/>\n<meta property=\"og:locale\" content=\"it_IT\" \/>\n<meta property=\"og:type\" content=\"article\" \/>\n<meta property=\"og:title\" content=\"Home - Community Living\" \/>\n<meta property=\"og:description\" content=\"La nostra comunit\u00e0 del villaggio. Unisciti a noi La nostra comunit\u00e0. Benvenuti nella nostra comunit\u00e0 di villaggio situata in una zona di straordinaria bellezza con colline ondulate, foreste rigogliose e acqua di sorgente naturale limpida. La nostra comunit\u00e0 di villaggio \u00e8 composta da un gruppo diversificato di individui di diverse nazionalit\u00e0, che hanno preso una [&hellip;]\" \/>\n<meta property=\"og:url\" content=\"https:\/\/thecommunityhub.it\/it\/\" \/>\n<meta property=\"og:site_name\" content=\"Community Living\" \/>\n<meta property=\"article:modified_time\" content=\"2023-09-06T07:48:24+00:00\" \/>\n<meta property=\"og:image\" content=\"http:\/\/thecommunityhub.it\/wp-content\/uploads\/2023\/04\/castell-azzara2-1013x1024.jpg\" \/>\n<meta name=\"twitter:card\" content=\"summary_large_image\" \/>\n<meta name=\"twitter:label1\" content=\"Tempo di lettura stimato\" \/>\n\t<meta name=\"twitter:data1\" content=\"1 minuto\" \/>\n<script type=\"application\/ld+json\" class=\"yoast-schema-graph\">{\"@context\":\"https:\\\/\\\/schema.org\",\"@graph\":[{\"@type\":\"WebPage\",\"@id\":\"https:\\\/\\\/thecommunityhub.it\\\/it\\\/\",\"url\":\"https:\\\/\\\/thecommunityhub.it\\\/it\\\/\",\"name\":\"Home - Community Living\",\"isPartOf\":{\"@id\":\"https:\\\/\\\/thecommunityhub.it\\\/it\\\/#website\"},\"primaryImageOfPage\":{\"@id\":\"https:\\\/\\\/thecommunityhub.it\\\/it\\\/#primaryimage\"},\"image\":{\"@id\":\"https:\\\/\\\/thecommunityhub.it\\\/it\\\/#primaryimage\"},\"thumbnailUrl\":\"http:\\\/\\\/thecommunityhub.it\\\/wp-content\\\/uploads\\\/2023\\\/04\\\/castell-azzara2-1013x1024.jpg\",\"datePublished\":\"2023-03-21T09:24:40+00:00\",\"dateModified\":\"2023-09-06T07:48:24+00:00\",\"breadcrumb\":{\"@id\":\"https:\\\/\\\/thecommunityhub.it\\\/it\\\/#breadcrumb\"},\"inLanguage\":\"it-IT\",\"potentialAction\":[{\"@type\":\"ReadAction\",\"target\":[\"https:\\\/\\\/thecommunityhub.it\\\/it\\\/\"]}]},{\"@type\":\"ImageObject\",\"inLanguage\":\"it-IT\",\"@id\":\"https:\\\/\\\/thecommunityhub.it\\\/it\\\/#primaryimage\",\"url\":\"http:\\\/\\\/thecommunityhub.it\\\/wp-content\\\/uploads\\\/2023\\\/04\\\/castell-azzara2-1013x1024.jpg\",\"contentUrl\":\"http:\\\/\\\/thecommunityhub.it\\\/wp-content\\\/uploads\\\/2023\\\/04\\\/castell-azzara2-1013x1024.jpg\"},{\"@type\":\"BreadcrumbList\",\"@id\":\"https:\\\/\\\/thecommunityhub.it\\\/it\\\/#breadcrumb\",\"itemListElement\":[{\"@type\":\"ListItem\",\"position\":1,\"name\":\"Home\",\"item\":\"https:\\\/\\\/thecommunityhub.it\\\/it\\\/\"},{\"@type\":\"ListItem\",\"position\":2,\"name\":\"Home\"}]},{\"@type\":\"WebSite\",\"@id\":\"https:\\\/\\\/thecommunityhub.it\\\/it\\\/#website\",\"url\":\"https:\\\/\\\/thecommunityhub.it\\\/it\\\/\",\"name\":\"Community Living\",\"description\":\"Our Village Community In Castell&#039;Azzara\",\"potentialAction\":[{\"@type\":\"SearchAction\",\"target\":{\"@type\":\"EntryPoint\",\"urlTemplate\":\"https:\\\/\\\/thecommunityhub.it\\\/it\\\/?s={search_term_string}\"},\"query-input\":{\"@type\":\"PropertyValueSpecification\",\"valueRequired\":true,\"valueName\":\"search_term_string\"}}],\"inLanguage\":\"it-IT\"}]}<\/script>\n<!-- \/ Yoast SEO plugin. -->","yoast_head_json":{"title":"Home - Community Living","robots":{"index":"index","follow":"follow","max-snippet":"max-snippet:-1","max-image-preview":"max-image-preview:large","max-video-preview":"max-video-preview:-1"},"canonical":"https:\/\/thecommunityhub.it\/it\/","og_locale":"it_IT","og_type":"article","og_title":"Home - Community Living","og_description":"La nostra comunit\u00e0 del villaggio. Unisciti a noi La nostra comunit\u00e0. Benvenuti nella nostra comunit\u00e0 di villaggio situata in una zona di straordinaria bellezza con colline ondulate, foreste rigogliose e acqua di sorgente naturale limpida. La nostra comunit\u00e0 di villaggio \u00e8 composta da un gruppo diversificato di individui di diverse nazionalit\u00e0, che hanno preso una [&hellip;]","og_url":"https:\/\/thecommunityhub.it\/it\/","og_site_name":"Community Living","article_modified_time":"2023-09-06T07:48:24+00:00","og_image":[{"url":"http:\/\/thecommunityhub.it\/wp-content\/uploads\/2023\/04\/castell-azzara2-1013x1024.jpg","type":"","width":"","height":""}],"twitter_card":"summary_large_image","twitter_misc":{"Tempo di lettura stimato":"1 minuto"},"schema":{"@context":"https:\/\/schema.org","@graph":[{"@type":"WebPage","@id":"https:\/\/thecommunityhub.it\/it\/","url":"https:\/\/thecommunityhub.it\/it\/","name":"Home - Community Living","isPartOf":{"@id":"https:\/\/thecommunityhub.it\/it\/#website"},"primaryImageOfPage":{"@id":"https:\/\/thecommunityhub.it\/it\/#primaryimage"},"image":{"@id":"https:\/\/thecommunityhub.it\/it\/#primaryimage"},"thumbnailUrl":"http:\/\/thecommunityhub.it\/wp-content\/uploads\/2023\/04\/castell-azzara2-1013x1024.jpg","datePublished":"2023-03-21T09:24:40+00:00","dateModified":"2023-09-06T07:48:24+00:00","breadcrumb":{"@id":"https:\/\/thecommunityhub.it\/it\/#breadcrumb"},"inLanguage":"it-IT","potentialAction":[{"@type":"ReadAction","target":["https:\/\/thecommunityhub.it\/it\/"]}]},{"@type":"ImageObject","inLanguage":"it-IT","@id":"https:\/\/thecommunityhub.it\/it\/#primaryimage","url":"http:\/\/thecommunityhub.it\/wp-content\/uploads\/2023\/04\/castell-azzara2-1013x1024.jpg","contentUrl":"http:\/\/thecommunityhub.it\/wp-content\/uploads\/2023\/04\/castell-azzara2-1013x1024.jpg"},{"@type":"BreadcrumbList","@id":"https:\/\/thecommunityhub.it\/it\/#breadcrumb","itemListElement":[{"@type":"ListItem","position":1,"name":"Home","item":"https:\/\/thecommunityhub.it\/it\/"},{"@type":"ListItem","position":2,"name":"Home"}]},{"@type":"WebSite","@id":"https:\/\/thecommunityhub.it\/it\/#website","url":"https:\/\/thecommunityhub.it\/it\/","name":"Community Living","description":"Our Village Community In Castell&#039;Azzara","potentialAction":[{"@type":"SearchAction","target":{"@type":"EntryPoint","urlTemplate":"https:\/\/thecommunityhub.it\/it\/?s={search_term_string}"},"query-input":{"@type":"PropertyValueSpecification","valueRequired":true,"valueName":"search_term_string"}}],"inLanguage":"it-IT"}]}},"_links":{"self":[{"href":"https:\/\/thecommunityhub.it\/it\/wp-json\/wp\/v2\/pages\/246","targetHints":{"allow":["GET"]}}],"collection":[{"href":"https:\/\/thecommunityhub.it\/it\/wp-json\/wp\/v2\/pages"}],"about":[{"href":"https:\/\/thecommunityhub.it\/it\/wp-json\/wp\/v2\/types\/page"}],"author":[{"embeddable":true,"href":"https:\/\/thecommunityhub.it\/it\/wp-json\/wp\/v2\/users\/1"}],"replies":[{"embeddable":true,"href":"https:\/\/thecommunityhub.it\/it\/wp-json\/wp\/v2\/comments?post=246"}],"version-history":[{"count":0,"href":"https:\/\/thecommunityhub.it\/it\/wp-json\/wp\/v2\/pages\/246\/revisions"}],"wp:attachment":[{"href":"https:\/\/thecommunityhub.it\/it\/wp-json\/wp\/v2\/media?parent=246"}],"curies":[{"name":"wp","href":"https:\/\/api.w.org\/{rel}","templated":true}]}}